{"id":268,"date":"2023-10-23T09:31:12","date_gmt":"2023-10-23T08:31:12","guid":{"rendered":"https:\/\/www.mbasit.de\/?page_id=268"},"modified":"2023-12-14T15:23:26","modified_gmt":"2023-12-14T14:23:26","slug":"service","status":"publish","type":"page","link":"https:\/\/www.mbasit.de\/?page_id=268","title":{"rendered":"Service"},"content":{"rendered":"<p>[et_pb_section admin_label=&#8221;section&#8221;]<br>\n\t\t\t[et_pb_row admin_label=&#8221;row&#8221;]<br>\n\t\t\t\t[et_pb_column type=&#8221;4_4&#8243;][et_pb_text admin_label=&#8221;Text&#8221;]<\/p>\n\n\n<p>\u00a0<\/p>\n<p>Ich berate Sie gerne f\u00fcr einen Glasfaseranschluss von der Deutschen Glasfaser.<\/p>\n<p>Nat\u00fcrlich k\u00f6nnen Sie auch selber \u00fcber folgenden Link ihre Buchung durchf\u00fchren. <br \/>Klicken Sie daf\u00fcr einfach auf den untenstehenden Link:<\/p>\n<h1><span style=\"color: #ffff00;\"><a style=\"color: #ffff00;\" href=\"https:\/\/tidd.ly\/3uu6YVV\" target=\"_blank\" rel=\"noopener sponsored\"><strong><span style=\"color: #ff0000;\">Vertrag mit der Deutsche Glasfaser abschlie\u00dfen<\/span><\/strong><\/a><\/span><\/h1>\n<!-- END ADVERTISER: Deutsche Glasfaser DE from awin.com -->\n\n\n\n\n<!-- START ADVERTISER: Deutsche Glasfaser DE from awin.com -->\n\n<a rel=\"sponsored\" href=\"https:\/\/www.awin1.com\/cread.php?s=3421515&#038;v=11463&#038;q=332890&#038;r=1459722\">\n    <img decoding=\"async\" src=\"https:\/\/www.awin1.com\/cshow.php?s=3421515&#038;v=11463&#038;q=332890&#038;r=1459722\" border=\"0\">\n<\/a>\n\n<!-- END ADVERTISER: Deutsche Glasfaser DE from awin.com -->\n\n\n\n\n<pre class=\"wp-block-code\"><code>\n\n\n<\/code><\/pre>\n\n\n","protected":false},"excerpt":{"rendered":"<p>[et_pb_section admin_label=&#8221;section&#8221;] [et_pb_row admin_label=&#8221;row&#8221;] [et_pb_column type=&#8221;4_4&#8243;][et_pb_text admin_label=&#8221;Text&#8221;] \u00a0 Ich berate Sie gerne f\u00fcr einen Glasfaseranschluss von der Deutschen Glasfaser. Nat\u00fcrlich k\u00f6nnen Sie auch selber \u00fcber folgenden Link ihre Buchung durchf\u00fchren. Klicken Sie daf\u00fcr einfach auf den untenstehenden Link: Vertrag mit der Deutsche Glasfaser abschlie\u00dfen<\/p>\n","protected":false},"author":1,"featured_media":0,"parent":0,"menu_order":0,"comment_status":"closed","ping_status":"closed","template":"","meta":{"_et_pb_use_builder":"on","_et_pb_old_content":"<!-- wp:tadv\/classic-paragraph -->\n<p>\u00a0<\/p>\n<p>Ich berate Sie gerne f\u00fcr einen Glasfaseranschluss von der Deutschen Glasfaser.<\/p>\n<p>Nat\u00fcrlich k\u00f6nnen Sie auch selber \u00fcber folgenden Link ihre Buchung durchf\u00fchren. <br \/>Klicken Sie daf\u00fcr einfach auf den untenstehenden Link:<\/p>\n<h1><span style=\"color: #ffff00;\"><a style=\"color: #ffff00;\" href=\"https:\/\/tidd.ly\/3uu6YVV\" target=\"_blank\" rel=\"noopener sponsored\"><strong><span style=\"color: #ff0000;\">Vertrag mit der Deutsche Glasfaser abschlie\u00dfen<\/span><\/strong><\/a><\/span><\/h1>\n<!-- END ADVERTISER: Deutsche Glasfaser DE from awin.com -->\n<!-- \/wp:tadv\/classic-paragraph -->\n\n<!-- wp:tadv\/classic-paragraph \/-->\n\n<!-- wp:tadv\/classic-paragraph -->\n<p>\u00a0<\/p>\n<!-- START ADVERTISER: Deutsche Glasfaser DE from awin.com -->\n<p><a href=\"https:\/\/www.awin1.com\/cread.php?s=3421540&amp;v=11463&amp;q=332890&amp;r=1459722\" rel=\"sponsored\"> <img src=\"https:\/\/www.awin1.com\/cshow.php?s=3421540&amp;v=11463&amp;q=332890&amp;r=1459722\" border=\"0\" \/> <\/a><\/p>\n<!-- END ADVERTISER: Deutsche Glasfaser DE from awin.com -->\n<p>\u00a0<\/p>\n<!-- \/wp:tadv\/classic-paragraph -->","_et_gb_content_width":"1080"},"aioseo_notices":[],"_links":{"self":[{"href":"https:\/\/www.mbasit.de\/index.php?rest_route=\/wp\/v2\/pages\/268"}],"collection":[{"href":"https:\/\/www.mbasit.de\/index.php?rest_route=\/wp\/v2\/pages"}],"about":[{"href":"https:\/\/www.mbasit.de\/index.php?rest_route=\/wp\/v2\/types\/page"}],"author":[{"embeddable":true,"href":"https:\/\/www.mbasit.de\/index.php?rest_route=\/wp\/v2\/users\/1"}],"replies":[{"embeddable":true,"href":"https:\/\/www.mbasit.de\/index.php?rest_route=%2Fwp%2Fv2%2Fcomments&post=268"}],"version-history":[{"count":24,"href":"https:\/\/www.mbasit.de\/index.php?rest_route=\/wp\/v2\/pages\/268\/revisions"}],"predecessor-version":[{"id":307,"href":"https:\/\/www.mbasit.de\/index.php?rest_route=\/wp\/v2\/pages\/268\/revisions\/307"}],"wp:attachment":[{"href":"https:\/\/www.mbasit.de\/index.php?rest_route=%2Fwp%2Fv2%2Fmedia&parent=268"}],"curies":[{"name":"wp","href":"https:\/\/api.w.org\/{rel}","templated":true}]}}