{"id":87,"date":"2016-09-19T14:49:45","date_gmt":"2016-09-19T13:49:45","guid":{"rendered":"http:\/\/mbasit.de\/?page_id=87"},"modified":"2018-06-08T06:53:55","modified_gmt":"2018-06-08T05:53:55","slug":"87-2","status":"publish","type":"page","link":"https:\/\/www.mbasit.de\/","title":{"rendered":"Startseite"},"content":{"rendered":"<p>[et_pb_section bb_built=&#8221;1&#8243; admin_label=&#8221;section&#8221; custom_padding=&#8221;0px|379px|0px|221px&#8221; fullwidth=&#8221;on&#8221;][\/et_pb_section][et_pb_section bb_built=&#8221;1&#8243; admin_label=&#8221;section&#8221; padding_mobile=&#8221;off&#8221;][et_pb_row admin_label=&#8221;row&#8221; padding_mobile=&#8221;off&#8221; column_padding_mobile=&#8221;on&#8221;][et_pb_column type=&#8221;1_2&#8243;][et_pb_image admin_label=&#8221;Image&#8221; src=&#8221;https:\/\/mbasit.de\/wp-content\/uploads\/2017\/04\/Fotolia_81655386_S.jpg&#8221; show_in_lightbox=&#8221;off&#8221; url_new_window=&#8221;off&#8221; use_overlay=&#8221;off&#8221; animation=&#8221;left&#8221; sticky=&#8221;off&#8221; align=&#8221;left&#8221; force_fullwidth=&#8221;off&#8221; always_center_on_mobile=&#8221;on&#8221; use_border_color=&#8221;off&#8221; border_color=&#8221;#ffffff&#8221; border_style=&#8221;solid&#8221; \/][et_pb_image admin_label=&#8221;Bild&#8221; \/][\/et_pb_column][et_pb_column type=&#8221;1_2&#8243;][et_pb_text admin_label=&#8221;Text&#8221;]<\/p>\n<h1 style=\"text-align: center;\">Dienstleistungen im \u00dcberblick<\/h1>\n<p>[\/et_pb_text][et_pb_blurb admin_label=&#8221;Blurb&#8221; title=&#8221;PC &#8211; Notebook &#8211; Server Einrichtigung und Konfiguration&#8221; use_icon=&#8221;on&#8221; font_icon=&#8221;\ue006&#8221; icon_color=&#8221;#ffffff&#8221; use_circle=&#8221;on&#8221; icon_placement=&#8221;left&#8221; text_orientation=&#8221;center&#8221;]<\/p>\n<p>Ihr Arbeitsplatz PC funktioniert nicht mehr so, wie er soll?<br \/>\nDer Server f\u00e4hrt ohne Grund einfach runter und dadurch entsteht ein Datenverlust? Oder ben\u00f6tigen Sie ein neues Notebook? Sprechen Sie mich an, ich berate und realisiere Ihre W\u00fcnsche. Wir bekommen das gemeinsam wieder in den Griff.<\/p>\n<p>[\/et_pb_blurb][et_pb_blurb admin_label=&#8221;Blurb&#8221; title=&#8221;Notfallservice&#8221; use_icon=&#8221;on&#8221; font_icon=&#8221;\ue006&#8221; icon_color=&#8221;#ffffff&#8221; use_circle=&#8221;on&#8221; icon_placement=&#8221;left&#8221; text_orientation=&#8221;center&#8221;]<\/p>\n<p>Ihr Computer streikt? Sie haben keinen Zugriff auf die Festplatte? Oder eine Software funktioniert nicht so, wie Sie soll? Der PC-Notdienst ist kurzfristig erreichbar \u2013 ob per Fernwartung oder vor Ort.<br \/>\nUnd das sogar am Wochenende!<\/p>\n<p>[\/et_pb_blurb][et_pb_blurb admin_label=&#8221;Blurb&#8221; title=&#8221;Planung und Projektdurchf\u00fchrung&#8221; use_icon=&#8221;on&#8221; font_icon=&#8221;\ue006&#8221; icon_color=&#8221;#ffffff&#8221; use_circle=&#8221;on&#8221; icon_placement=&#8221;left&#8221; text_orientation=&#8221;center&#8221;]<\/p>\n<p>Ich plane Ihr Firmennetzwerk, Ihre Infrastruktur, die IT Budgetplanung der n\u00e4chsten 5 Jahre und bauen mit Ihnen ein leistungsstarkes Netzwerk, f\u00fcr alle Ihre Anforderungen auf.<\/p>\n<p>[\/et_pb_blurb][et_pb_blurb admin_label=&#8221;Informationstext&#8221; text_orientation=&#8221;center&#8221; \/][et_pb_text admin_label=&#8221;Text&#8221; \/][\/et_pb_column][\/et_pb_row][\/et_pb_section][et_pb_section bb_built=&#8221;1&#8243; admin_label=&#8221;section&#8221; background_color=&#8221;#3a4149&#8243; padding_mobile=&#8221;off&#8221;][et_pb_row admin_label=&#8221;row&#8221; padding_mobile=&#8221;off&#8221; column_padding_mobile=&#8221;on&#8221;][et_pb_column type=&#8221;1_3&#8243;][et_pb_circle_counter admin_label=&#8221;Circle Counter&#8221; title=&#8221;Beratung &amp; Datensicherheit&#8221; number=&#8221;90&#8243; background_layout=&#8221;dark&#8221; \/][et_pb_circle_counter admin_label=&#8221;Circle Counter&#8221; title=&#8221;Projektrealisierung&#8221; number=&#8221;80&#8243; background_layout=&#8221;dark&#8221; \/][\/et_pb_column][et_pb_column type=&#8221;1_3&#8243;][et_pb_circle_counter admin_label=&#8221;Circle Counter&#8221; title=&#8221;Dienstleistungen&#8221; number=&#8221;95&#8243; background_layout=&#8221;dark&#8221; bar_bg_color=&#8221;#bfae7a&#8221; \/][et_pb_circle_counter admin_label=&#8221;Circle Counter&#8221; title=&#8221;\u00dcberwachung ihrer Infrastruktur&#8221; number=&#8221;100&#8243; background_layout=&#8221;dark&#8221; bar_bg_color=&#8221;#e09900&#8243; \/][\/et_pb_column][et_pb_column type=&#8221;1_3&#8243;][et_pb_circle_counter admin_label=&#8221;Circle Counter&#8221; title=&#8221;Einrichtung und Konfiguration Ihrer PC \/ Server &#8211; Hardware&#8221; number=&#8221;100&#8243; background_layout=&#8221;dark&#8221; bar_bg_color=&#8221;#e09900&#8243; \/][et_pb_circle_counter admin_label=&#8221;Circle Counter&#8221; title=&#8221;Webentwicklung&#8221; number=&#8221;50&#8243; background_layout=&#8221;dark&#8221; \/][\/et_pb_column][\/et_pb_row][\/et_pb_section][et_pb_section bb_built=&#8221;1&#8243; admin_label=&#8221;section&#8221; background_color=&#8221;#f74b47&#8243; inner_shadow=&#8221;on&#8221; padding_mobile=&#8221;off&#8221;][et_pb_row admin_label=&#8221;row&#8221; padding_mobile=&#8221;off&#8221; column_padding_mobile=&#8221;on&#8221;][et_pb_column type=&#8221;4_4&#8243;][et_pb_cta admin_label=&#8221;Call To Action&#8221; title=&#8221;Kontakt&#8221; button_url=&#8221;http:\/\/mbasit.de\/?page_id=13&#8243; button_text=&#8221;Email&#8221; use_background_color=&#8221;off&#8221; disabled_on=&#8221;off|off|off&#8221; \/][\/et_pb_column][\/et_pb_row][\/et_pb_section]<\/p>\n","protected":false},"excerpt":{"rendered":"<p>[et_pb_section bb_built=&#8221;1&#8243; admin_label=&#8221;section&#8221; custom_padding=&#8221;0px|379px|0px|221px&#8221; fullwidth=&#8221;on&#8221;][\/et_pb_section][et_pb_section bb_built=&#8221;1&#8243; admin_label=&#8221;section&#8221; padding_mobile=&#8221;off&#8221;][et_pb_row admin_label=&#8221;row&#8221; padding_mobile=&#8221;off&#8221; column_padding_mobile=&#8221;on&#8221;][et_pb_column type=&#8221;1_2&#8243;][et_pb_image admin_label=&#8221;Image&#8221; src=&#8221;https:\/\/mbasit.de\/wp-content\/uploads\/2017\/04\/Fotolia_81655386_S.jpg&#8221; show_in_lightbox=&#8221;off&#8221; url_new_window=&#8221;off&#8221; use_overlay=&#8221;off&#8221; animation=&#8221;left&#8221; sticky=&#8221;off&#8221; align=&#8221;left&#8221; force_fullwidth=&#8221;off&#8221; always_center_on_mobile=&#8221;on&#8221; use_border_color=&#8221;off&#8221; border_color=&#8221;#ffffff&#8221; border_style=&#8221;solid&#8221; \/][et_pb_image admin_label=&#8221;Bild&#8221; \/][\/et_pb_column][et_pb_column type=&#8221;1_2&#8243;][et_pb_text admin_label=&#8221;Text&#8221;] Dienstleistungen im \u00dcberblick [\/et_pb_text][et_pb_blurb admin_label=&#8221;Blurb&#8221; title=&#8221;PC &#8211; Notebook &#8211; Server Einrichtigung und Konfiguration&#8221; use_icon=&#8221;on&#8221; font_icon=&#8221;\ue006&#8221; icon_color=&#8221;#ffffff&#8221; use_circle=&#8221;on&#8221; icon_placement=&#8221;left&#8221; text_orientation=&#8221;center&#8221;] Ihr Arbeitsplatz PC funktioniert nicht mehr [&hellip;]<\/p>\n","protected":false},"author":1,"featured_media":0,"parent":0,"menu_order":2,"comment_status":"closed","ping_status":"closed","template":"","meta":{"_et_pb_use_builder":"on","_et_pb_old_content":"","_et_gb_content_width":""},"aioseo_notices":[],"_links":{"self":[{"href":"https:\/\/www.mbasit.de\/index.php?rest_route=\/wp\/v2\/pages\/87"}],"collection":[{"href":"https:\/\/www.mbasit.de\/index.php?rest_route=\/wp\/v2\/pages"}],"about":[{"href":"https:\/\/www.mbasit.de\/index.php?rest_route=\/wp\/v2\/types\/page"}],"author":[{"embeddable":true,"href":"https:\/\/www.mbasit.de\/index.php?rest_route=\/wp\/v2\/users\/1"}],"replies":[{"embeddable":true,"href":"https:\/\/www.mbasit.de\/index.php?rest_route=%2Fwp%2Fv2%2Fcomments&post=87"}],"version-history":[{"count":22,"href":"https:\/\/www.mbasit.de\/index.php?rest_route=\/wp\/v2\/pages\/87\/revisions"}],"predecessor-version":[{"id":221,"href":"https:\/\/www.mbasit.de\/index.php?rest_route=\/wp\/v2\/pages\/87\/revisions\/221"}],"wp:attachment":[{"href":"https:\/\/www.mbasit.de\/index.php?rest_route=%2Fwp%2Fv2%2Fmedia&parent=87"}],"curies":[{"name":"wp","href":"https:\/\/api.w.org\/{rel}","templated":true}]}}